{"id":45,"date":"2024-08-29T12:03:17","date_gmt":"2024-08-29T12:03:17","guid":{"rendered":"https:\/\/www.panoramakarte.de\/about-us\/"},"modified":"2024-12-13T22:49:40","modified_gmt":"2024-12-13T22:49:40","slug":"about-us","status":"publish","type":"page","link":"https:\/\/www.panoramakarte.de\/en\/about-us\/","title":{"rendered":"How I work"},"content":{"rendered":"<div data-elementor-type=\"wp-page\" data-elementor-id=\"45\" class=\"elementor elementor-45\">\n\t\t\t\t<div class=\"elementor-element elementor-element-7fa2dc55 e-con-full e-flex e-con e-parent\" data-id=\"7fa2dc55\" data-element_type=\"container\">\n\t\t<div class=\"elementor-element elementor-element-11b0f0ce e-con-full e-flex e-con e-child\" data-id=\"11b0f0ce\" data-element_type=\"container\">\n\t\t<div class=\"elementor-element elementor-element-425aece2 e-con-full e-flex e-con e-child\" data-id=\"425aece2\" data-element_type=\"container\">\n\t\t\t\t<div class=\"elementor-element elementor-element-2fe4dab2 elementor-widget elementor-widget-heading\" data-id=\"2fe4dab2\" data-element_type=\"widget\" data-widget_type=\"heading.default\">\n\t\t\t\t<div class=\"elementor-widget-container\">\n\t\t\t<h1 class=\"elementor-heading-title elementor-size-default\">How your map is created\n<\/h1>\t\t<\/div>\n\t\t\t\t<\/div>\n\t\t\t\t<div class=\"elementor-element elementor-element-365af02e elementor-widget__width-initial elementor-invisible elementor-widget elementor-widget-text-editor\" data-id=\"365af02e\" data-element_type=\"widget\" data-settings=\"{&quot;_animation&quot;:&quot;fadeInDown&quot;}\" data-widget_type=\"text-editor.default\">\n\t\t\t\t<div class=\"elementor-widget-container\">\n\t\t\t\t\t\t\t<p>With the help of the latest media and technologies, geographical understanding and an artistic flair for the essentials, a panoramic map is created according to your wishes and ideas. Information from official maps, satellite images, digital elevation data and terrain models are combined in this unique map form to vividly showcase your region.<\/p>\t\t\t\t\t\t<\/div>\n\t\t\t\t<\/div>\n\t\t\t\t<\/div>\n\t\t\t\t<div class=\"elementor-element elementor-element-14da5193 elementor-invisible elementor-widget elementor-widget-heading\" data-id=\"14da5193\" data-element_type=\"widget\" data-settings=\"{&quot;_animation&quot;:&quot;fadeInUp&quot;}\" data-widget_type=\"heading.default\">\n\t\t\t\t<div class=\"elementor-widget-container\">\n\t\t\t<span class=\"elementor-heading-title elementor-size-default\">Technique<\/span>\t\t<\/div>\n\t\t\t\t<\/div>\n\t\t\t\t<\/div>\n\t\t<div class=\"elementor-element elementor-element-6f9efb58 e-con-full e-flex e-con e-child\" data-id=\"6f9efb58\" data-element_type=\"container\" data-settings=\"{&quot;background_background&quot;:&quot;classic&quot;}\">\n\t\t\t\t<\/div>\n\t\t\t\t<\/div>\n\t\t<div class=\"elementor-element elementor-element-2cb2535d e-con-full e-flex e-con e-parent\" data-id=\"2cb2535d\" data-element_type=\"container\">\n\t\t<div class=\"elementor-element elementor-element-69060af5 e-con-full e-flex e-con e-child\" data-id=\"69060af5\" data-element_type=\"container\" data-settings=\"{&quot;background_background&quot;:&quot;classic&quot;}\">\n\t\t\t\t<\/div>\n\t\t<div class=\"elementor-element elementor-element-5630a2a7 e-con-full e-flex e-con e-child\" data-id=\"5630a2a7\" data-element_type=\"container\">\n\t\t\t\t<div class=\"elementor-element elementor-element-368e45ab elementor-widget elementor-widget-heading\" data-id=\"368e45ab\" data-element_type=\"widget\" data-widget_type=\"heading.default\">\n\t\t\t\t<div class=\"elementor-widget-container\">\n\t\t\t<h2 class=\"elementor-heading-title elementor-size-default\">First steps<\/h2>\t\t<\/div>\n\t\t\t\t<\/div>\n\t\t\t\t<div class=\"elementor-element elementor-element-44ce72b9 elementor-widget elementor-widget-text-editor\" data-id=\"44ce72b9\" data-element_type=\"widget\" data-widget_type=\"text-editor.default\">\n\t\t\t\t<div class=\"elementor-widget-container\">\n\t\t\t\t\t\t\t<p>First of all, a computerised model of the region to be depicted is created. Based on joint discussions, the most important key data is already recorded in this model. These are parameters such as: exact terrain section, viewing direction - height and angle, angle of inclination of the terrain, type of perspective, superelevation scale and lighting. In this phase of work, close co-operation with the customer is highly recommended, as this allows YOUR wishes and ideas to be optimally incorporated into the illustration. The presentation is optimised step by step so that maximum information and clarity is provided every time<\/p>\t\t\t\t\t\t<\/div>\n\t\t\t\t<\/div>\n\t\t\t\t<\/div>\n\t\t\t\t<\/div>\n\t\t<div class=\"elementor-element elementor-element-aad14c4 e-con-full e-flex e-con e-parent\" data-id=\"aad14c4\" data-element_type=\"container\">\n\t\t<div class=\"elementor-element elementor-element-aece1f5 e-con-full e-flex e-con e-child\" data-id=\"aece1f5\" data-element_type=\"container\" data-settings=\"{&quot;background_background&quot;:&quot;classic&quot;}\">\n\t\t\t\t<\/div>\n\t\t<div class=\"elementor-element elementor-element-7e288ea e-con-full e-flex e-con e-child\" data-id=\"7e288ea\" data-element_type=\"container\">\n\t\t\t\t<div class=\"elementor-element elementor-element-d7537e5 elementor-widget elementor-widget-heading\" data-id=\"d7537e5\" data-element_type=\"widget\" data-widget_type=\"heading.default\">\n\t\t\t\t<div class=\"elementor-widget-container\">\n\t\t\t<h2 class=\"elementor-heading-title elementor-size-default\">The characteristics of the landscape <\/h2>\t\t<\/div>\n\t\t\t\t<\/div>\n\t\t\t\t<div class=\"elementor-element elementor-element-ff586ec elementor-widget elementor-widget-text-editor\" data-id=\"ff586ec\" data-element_type=\"widget\" data-widget_type=\"text-editor.default\">\n\t\t\t\t<div class=\"elementor-widget-container\">\n\t\t\t\t\t\t\t<p>The characteristic forms of the landscape are now worked out in a multitude of subjective and artistic decisions. In this way, the striking features are emphasised and special landscape features are staged. This gives the landscape its typical character. This work cannot be done by a computer, as it takes a variety of subjective decisions to optimise the result. Creative and artistic sense is therefore required. This is why the actual panoramic map is still painted by hand!<\/p><p>All topographical content is now gradually being added to the map: Road and water network, vegetation, settlement areas, etc.<\/p><p>In this working phase, the panorama map is finally given its character and given life through the design of light, mood, atmosphere and colour scheme.<\/p>\t\t\t\t\t\t<\/div>\n\t\t\t\t<\/div>\n\t\t\t\t<\/div>\n\t\t\t\t<\/div>\n\t\t<div class=\"elementor-element elementor-element-cc4f9e6 e-con-full e-flex e-con e-parent\" data-id=\"cc4f9e6\" data-element_type=\"container\">\n\t\t<div class=\"elementor-element elementor-element-f1b7ea6 e-con-full e-flex e-con e-child\" data-id=\"f1b7ea6\" data-element_type=\"container\" data-settings=\"{&quot;background_background&quot;:&quot;classic&quot;}\">\n\t\t\t\t<\/div>\n\t\t<div class=\"elementor-element elementor-element-33d0150 e-con-full e-flex e-con e-child\" data-id=\"33d0150\" data-element_type=\"container\">\n\t\t\t\t<div class=\"elementor-element elementor-element-74b6811 elementor-widget elementor-widget-heading\" data-id=\"74b6811\" data-element_type=\"widget\" data-widget_type=\"heading.default\">\n\t\t\t\t<div class=\"elementor-widget-container\">\n\t\t\t<h2 class=\"elementor-heading-title elementor-size-default\">A final detail<\/h2>\t\t<\/div>\n\t\t\t\t<\/div>\n\t\t\t\t<div class=\"elementor-element elementor-element-4b5299f elementor-widget elementor-widget-text-editor\" data-id=\"4b5299f\" data-element_type=\"widget\" data-widget_type=\"text-editor.default\">\n\t\t\t\t<div class=\"elementor-widget-container\">\n\t\t\t\t\t\t\t<p>The finished panoramic map is only digitised once the customer is completely satisfied. In a final step, the text layer and layout are designed in the digitised data set using layout software. Thematic content such as hiking and cycle path networks, ski lifts, pictograms, legends etc. are also incorporated here.<\/p>\t\t\t\t\t\t<\/div>\n\t\t\t\t<\/div>\n\t\t\t\t<\/div>\n\t\t\t\t<\/div>\n\t\t<div class=\"elementor-element elementor-element-395c9c0a e-flex e-con-boxed e-con e-parent\" data-id=\"395c9c0a\" data-element_type=\"container\">\n\t\t\t\t\t<div class=\"e-con-inner\">\n\t\t\t\t<div class=\"elementor-element elementor-element-545e630 elementor-widget-divider--view-line elementor-widget elementor-widget-divider\" data-id=\"545e630\" data-element_type=\"widget\" data-widget_type=\"divider.default\">\n\t\t\t\t<div class=\"elementor-widget-container\">\n\t\t\t\t\t<div class=\"elementor-divider\">\n\t\t\t<span class=\"elementor-divider-separator\">\n\t\t\t\t\t\t<\/span>\n\t\t<\/div>\n\t\t\t\t<\/div>\n\t\t\t\t<\/div>\n\t\t\t\t<div class=\"elementor-element elementor-element-47b9c137 elementor-widget elementor-widget-heading\" data-id=\"47b9c137\" data-element_type=\"widget\" data-widget_type=\"heading.default\">\n\t\t\t\t<div class=\"elementor-widget-container\">\n\t\t\t<h2 class=\"elementor-heading-title elementor-size-default\">Your satisfaction is my aspiration\n<\/h2>\t\t<\/div>\n\t\t\t\t<\/div>\n\t\t\t\t<div class=\"elementor-element elementor-element-5ec1d93d elementor-invisible elementor-widget elementor-widget-text-editor\" data-id=\"5ec1d93d\" data-element_type=\"widget\" data-settings=\"{&quot;_animation&quot;:&quot;fadeIn&quot;}\" data-widget_type=\"text-editor.default\">\n\t\t\t\t<div class=\"elementor-widget-container\">\n\t\t\t\t\t\t\t<p>All maps leave the studio only after the customer is completely satisfied. Only then does the card receive the \u2018\u2019K\u00f6nigs logo\u2018\u2019. My customers always receive the high-resolution, print-ready data set of their map, including text typesetting and layout - simply \u2018ready for print\u2019.<\/p>\t\t\t\t\t\t<\/div>\n\t\t\t\t<\/div>\n\t\t\t\t\t<\/div>\n\t\t\t\t<\/div>\n\t\t<div class=\"elementor-element elementor-element-3056a2d1 e-con-full e-flex e-con e-parent\" data-id=\"3056a2d1\" data-element_type=\"container\">\n\t\t\t\t<div class=\"elementor-element elementor-element-b7bb9f9 elementor-widget elementor-widget-heading\" data-id=\"b7bb9f9\" data-element_type=\"widget\" data-widget_type=\"heading.default\">\n\t\t\t\t<div class=\"elementor-widget-container\">\n\t\t\t<span class=\"elementor-heading-title elementor-size-default\">In a nutshell<\/span>\t\t<\/div>\n\t\t\t\t<\/div>\n\t\t<div class=\"elementor-element elementor-element-5f55e58f e-con-full e-flex e-con e-child\" data-id=\"5f55e58f\" data-element_type=\"container\">\n\t\t\t\t<div class=\"elementor-element elementor-element-5683e3b elementor-widget-tablet__width-initial elementor-widget-mobile__width-inherit elementor-position-top elementor-widget elementor-widget-image-box\" data-id=\"5683e3b\" data-element_type=\"widget\" data-widget_type=\"image-box.default\">\n\t\t\t\t<div class=\"elementor-widget-container\">\n\t\t\t<div class=\"elementor-image-box-wrapper\"><figure class=\"elementor-image-box-img\"><img fetchpriority=\"high\" decoding=\"async\" width=\"496\" height=\"354\" src=\"https:\/\/www.panoramakarte.de\/wp-content\/uploads\/2024\/10\/1.jpg\" class=\"elementor-animation-sink attachment-full size-full wp-image-530\" alt=\"\" srcset=\"https:\/\/www.panoramakarte.de\/wp-content\/uploads\/2024\/10\/1.jpg 496w, https:\/\/www.panoramakarte.de\/wp-content\/uploads\/2024\/10\/1-300x214.jpg 300w\" sizes=\"(max-width: 496px) 100vw, 496px\" \/><\/figure><div class=\"elementor-image-box-content\"><h3 class=\"elementor-image-box-title\">Recording of terrain data<\/h3><p class=\"elementor-image-box-description\">\n<\/p><\/div><\/div>\t\t<\/div>\n\t\t\t\t<\/div>\n\t\t\t\t<div class=\"elementor-element elementor-element-4edf7c99 elementor-widget-tablet__width-initial elementor-widget-mobile__width-inherit elementor-position-top elementor-widget elementor-widget-image-box\" data-id=\"4edf7c99\" data-element_type=\"widget\" data-widget_type=\"image-box.default\">\n\t\t\t\t<div class=\"elementor-widget-container\">\n\t\t\t<div class=\"elementor-image-box-wrapper\"><figure class=\"elementor-image-box-img\"><img decoding=\"async\" width=\"496\" height=\"354\" src=\"https:\/\/www.panoramakarte.de\/wp-content\/uploads\/2024\/10\/2.jpg\" class=\"elementor-animation-sink attachment-full size-full wp-image-531\" alt=\"\" srcset=\"https:\/\/www.panoramakarte.de\/wp-content\/uploads\/2024\/10\/2.jpg 496w, https:\/\/www.panoramakarte.de\/wp-content\/uploads\/2024\/10\/2-300x214.jpg 300w\" sizes=\"(max-width: 496px) 100vw, 496px\" \/><\/figure><div class=\"elementor-image-box-content\"><h3 class=\"elementor-image-box-title\">Creating a terrain model<\/h3><\/div><\/div>\t\t<\/div>\n\t\t\t\t<\/div>\n\t\t\t\t<div class=\"elementor-element elementor-element-b7a9107 elementor-widget-tablet__width-initial elementor-widget-mobile__width-inherit elementor-position-top elementor-widget elementor-widget-image-box\" data-id=\"b7a9107\" data-element_type=\"widget\" data-widget_type=\"image-box.default\">\n\t\t\t\t<div class=\"elementor-widget-container\">\n\t\t\t<div class=\"elementor-image-box-wrapper\"><figure class=\"elementor-image-box-img\"><img decoding=\"async\" width=\"496\" height=\"354\" src=\"https:\/\/www.panoramakarte.de\/wp-content\/uploads\/2024\/10\/3.jpg\" class=\"elementor-animation-sink attachment-full size-full wp-image-532\" alt=\"\" srcset=\"https:\/\/www.panoramakarte.de\/wp-content\/uploads\/2024\/10\/3.jpg 496w, https:\/\/www.panoramakarte.de\/wp-content\/uploads\/2024\/10\/3-300x214.jpg 300w\" sizes=\"(max-width: 496px) 100vw, 496px\" \/><\/figure><div class=\"elementor-image-box-content\"><h3 class=\"elementor-image-box-title\">Rendering of the ground surface<\/h3><p class=\"elementor-image-box-description\">\n<\/p><\/div><\/div>\t\t<\/div>\n\t\t\t\t<\/div>\n\t\t\t\t<div class=\"elementor-element elementor-element-348a8bd8 elementor-widget-tablet__width-initial elementor-widget-mobile__width-inherit elementor-position-top elementor-widget elementor-widget-image-box\" data-id=\"348a8bd8\" data-element_type=\"widget\" data-widget_type=\"image-box.default\">\n\t\t\t\t<div class=\"elementor-widget-container\">\n\t\t\t<div class=\"elementor-image-box-wrapper\"><figure class=\"elementor-image-box-img\"><img loading=\"lazy\" decoding=\"async\" width=\"496\" height=\"354\" src=\"https:\/\/www.panoramakarte.de\/wp-content\/uploads\/2024\/10\/4.jpg\" class=\"elementor-animation-sink attachment-full size-full wp-image-533\" alt=\"\" srcset=\"https:\/\/www.panoramakarte.de\/wp-content\/uploads\/2024\/10\/4.jpg 496w, https:\/\/www.panoramakarte.de\/wp-content\/uploads\/2024\/10\/4-300x214.jpg 300w\" sizes=\"(max-width: 496px) 100vw, 496px\" \/><\/figure><div class=\"elementor-image-box-content\"><h3 class=\"elementor-image-box-title\">Conversion and revision of the terrain shapes<\/h3><\/div><\/div>\t\t<\/div>\n\t\t\t\t<\/div>\n\t\t\t\t<div class=\"elementor-element elementor-element-75c6e5b2 elementor-widget-tablet__width-initial elementor-widget-mobile__width-inherit elementor-position-top elementor-widget elementor-widget-image-box\" data-id=\"75c6e5b2\" data-element_type=\"widget\" data-widget_type=\"image-box.default\">\n\t\t\t\t<div class=\"elementor-widget-container\">\n\t\t\t<div class=\"elementor-image-box-wrapper\"><figure class=\"elementor-image-box-img\"><img loading=\"lazy\" decoding=\"async\" width=\"496\" height=\"354\" src=\"https:\/\/www.panoramakarte.de\/wp-content\/uploads\/2024\/10\/01-Kopie.jpg\" class=\"elementor-animation-sink attachment-full size-full wp-image-536\" alt=\"\" srcset=\"https:\/\/www.panoramakarte.de\/wp-content\/uploads\/2024\/10\/01-Kopie.jpg 496w, https:\/\/www.panoramakarte.de\/wp-content\/uploads\/2024\/10\/01-Kopie-300x214.jpg 300w\" sizes=\"(max-width: 496px) 100vw, 496px\" \/><\/figure><div class=\"elementor-image-box-content\"><h3 class=\"elementor-image-box-title\">Finished original<\/h3><\/div><\/div>\t\t<\/div>\n\t\t\t\t<\/div>\n\t\t\t\t<\/div>\n\t\t\t\t<\/div>\n\t\t<div class=\"elementor-element elementor-element-6977939f e-con-full e-flex e-con e-parent\" data-id=\"6977939f\" data-element_type=\"container\" data-settings=\"{&quot;background_background&quot;:&quot;classic&quot;}\">\n\t\t\t\t<div class=\"elementor-element elementor-element-3bc0971 elementor-widget elementor-widget-video\" data-id=\"3bc0971\" data-element_type=\"widget\" data-settings=\"{&quot;youtube_url&quot;:&quot;https:\\\/\\\/youtu.be\\\/mV-Rn7WgkW4?si=m1wgsqp0_bXzujGE&quot;,&quot;video_type&quot;:&quot;youtube&quot;,&quot;controls&quot;:&quot;yes&quot;}\" data-widget_type=\"video.default\">\n\t\t\t\t<div class=\"elementor-widget-container\">\n\t\t\t\t\t<div class=\"elementor-wrapper elementor-open-inline\">\n\t\t\t<div class=\"elementor-video\"><\/div>\t\t<\/div>\n\t\t\t\t<\/div>\n\t\t\t\t<\/div>\n\t\t\t\t<\/div>\n\t\t\t\t<\/div>","protected":false},"excerpt":{"rendered":"<p>So entsteht Ihre Karte Mit Hilfe modernster Medien und Technologien, geografischem Verst\u00e4ndnis aber auch mit k\u00fcnstlerischem Gesp\u00fcr f\u00fcr\u00b4s Wesentliche, wird eine Panoramakarte nach Ihren W\u00fcnschen und Vorstellungen angefertigt. Informationen aus amtlichen Karten, Satellitenbildern, digitalen H\u00f6hendaten und Gel\u00e4ndemodellen werden in dieser einzigartigen Kartenform miteinander kombiniert und setzen Ihre Region so anschaulich in Szene. Technik Der erste [&hellip;]<\/p>","protected":false},"author":1,"featured_media":0,"parent":0,"menu_order":0,"comment_status":"closed","ping_status":"closed","template":"elementor_header_footer","meta":{"footnotes":""},"class_list":["post-45","page","type-page","status-publish","hentry"],"_links":{"self":[{"href":"https:\/\/www.panoramakarte.de\/en\/wp-json\/wp\/v2\/pages\/45","targetHints":{"allow":["GET"]}}],"collection":[{"href":"https:\/\/www.panoramakarte.de\/en\/wp-json\/wp\/v2\/pages"}],"about":[{"href":"https:\/\/www.panoramakarte.de\/en\/wp-json\/wp\/v2\/types\/page"}],"author":[{"embeddable":true,"href":"https:\/\/www.panoramakarte.de\/en\/wp-json\/wp\/v2\/users\/1"}],"replies":[{"embeddable":true,"href":"https:\/\/www.panoramakarte.de\/en\/wp-json\/wp\/v2\/comments?post=45"}],"version-history":[{"count":91,"href":"https:\/\/www.panoramakarte.de\/en\/wp-json\/wp\/v2\/pages\/45\/revisions"}],"predecessor-version":[{"id":830,"href":"https:\/\/www.panoramakarte.de\/en\/wp-json\/wp\/v2\/pages\/45\/revisions\/830"}],"wp:attachment":[{"href":"https:\/\/www.panoramakarte.de\/en\/wp-json\/wp\/v2\/media?parent=45"}],"curies":[{"name":"wp","href":"https:\/\/api.w.org\/{rel}","templated":true}]}}