{"id":520,"date":"2024-09-30T15:49:04","date_gmt":"2024-09-30T15:49:04","guid":{"rendered":"https:\/\/www.panoramakarte.de\/?page_id=520"},"modified":"2025-01-23T10:55:19","modified_gmt":"2025-01-23T10:55:19","slug":"stadtkarten-galerie","status":"publish","type":"page","link":"https:\/\/www.panoramakarte.de\/en\/stadtkarten-galerie\/","title":{"rendered":"Stadtkarten-Galerie"},"content":{"rendered":"<div data-elementor-type=\"wp-page\" data-elementor-id=\"520\" class=\"elementor elementor-520\">\n\t\t\t\t<div class=\"elementor-element elementor-element-332f9822 e-con-full e-flex e-con e-parent\" data-id=\"332f9822\" data-element_type=\"container\">\n\t\t<div class=\"elementor-element elementor-element-32bcc327 e-con-full e-flex e-con e-child\" data-id=\"32bcc327\" data-element_type=\"container\">\n\t\t<div class=\"elementor-element elementor-element-1f9e2a15 e-con-full e-flex e-con e-child\" data-id=\"1f9e2a15\" data-element_type=\"container\">\n\t\t\t\t<div class=\"elementor-element elementor-element-56af5595 elementor-invisible elementor-widget elementor-widget-heading\" data-id=\"56af5595\" data-element_type=\"widget\" data-settings=\"{&quot;_animation&quot;:&quot;fadeInUp&quot;}\" data-widget_type=\"heading.default\">\n\t\t\t\t<div class=\"elementor-widget-container\">\n\t\t\t<span class=\"elementor-heading-title elementor-size-default\">Maps<\/span>\t\t<\/div>\n\t\t\t\t<\/div>\n\t\t\t\t<\/div>\n\t\t\t\t<\/div>\n\t\t\t\t<\/div>\n\t\t<div class=\"elementor-element elementor-element-366f15a3 e-con-full e-flex e-con e-parent\" data-id=\"366f15a3\" data-element_type=\"container\">\n\t\t<div class=\"elementor-element elementor-element-3f23b73b e-con-full e-flex e-con e-child\" data-id=\"3f23b73b\" data-element_type=\"container\">\n\t\t<div class=\"elementor-element elementor-element-2db162e2 e-con-full e-flex e-con e-child\" data-id=\"2db162e2\" data-element_type=\"container\" data-settings=\"{&quot;background_background&quot;:&quot;classic&quot;}\">\n\t\t\t\t<\/div>\n\t\t<div class=\"elementor-element elementor-element-55b2e98 e-con-full e-flex e-con e-child\" data-id=\"55b2e98\" data-element_type=\"container\">\n\t\t\t\t<div class=\"elementor-element elementor-element-4fc6b49 elementor-widget elementor-widget-heading\" data-id=\"4fc6b49\" data-element_type=\"widget\" data-widget_type=\"heading.default\">\n\t\t\t\t<div class=\"elementor-widget-container\">\n\t\t\t<h2 class=\"elementor-heading-title elementor-size-default\">Your topic as a map<\/h2>\t\t<\/div>\n\t\t\t\t<\/div>\n\t\t\t\t<div class=\"elementor-element elementor-element-30de2409 elementor-widget elementor-widget-text-editor\" data-id=\"30de2409\" data-element_type=\"widget\" data-widget_type=\"text-editor.default\">\n\t\t\t\t<div class=\"elementor-widget-container\">\n\t\t\t\t\t\t\t<p>The clearly laid out local map is the basis for any orientation. A local map is designed and customised according to your wishes. Each map can be customised - in terms of design, content and colour scheme. The incorporation of prominent buildings is possible at any time and offers scope for a wide variety of thematic content: Tourist or catering guides, cultural, sports and leisure activities, places of interest, recommended routes... Your wish list will be included in your city map. In addition to print products, you will of course receive the print-ready data set. This is suitable for all print products as well as for web presentations, apps, displays, etc.<\/p>\t\t\t\t\t\t<\/div>\n\t\t\t\t<\/div>\n\t\t\t\t<\/div>\n\t\t\t\t<\/div>\n\t\t\t\t<\/div>\n\t\t<div class=\"elementor-element elementor-element-432dd3a0 e-con-full e-flex e-con e-parent\" data-id=\"432dd3a0\" data-element_type=\"container\">\n\t\t<div class=\"elementor-element elementor-element-a8133ef e-con-full e-flex e-con e-child\" data-id=\"a8133ef\" data-element_type=\"container\">\n\t\t<div class=\"elementor-element elementor-element-271073ca e-con-full e-flex e-con e-child\" data-id=\"271073ca\" data-element_type=\"container\" data-settings=\"{&quot;background_background&quot;:&quot;classic&quot;}\">\n\t\t\t\t<\/div>\n\t\t<div class=\"elementor-element elementor-element-cbbc135 e-con-full e-flex e-con e-child\" data-id=\"cbbc135\" data-element_type=\"container\">\n\t\t\t\t<div class=\"elementor-element elementor-element-5a45d45a elementor-widget elementor-widget-heading\" data-id=\"5a45d45a\" data-element_type=\"widget\" data-widget_type=\"heading.default\">\n\t\t\t\t<div class=\"elementor-widget-container\">\n\t\t\t<h2 class=\"elementor-heading-title elementor-size-default\">Scalable formats<\/h2>\t\t<\/div>\n\t\t\t\t<\/div>\n\t\t\t\t<div class=\"elementor-element elementor-element-50b50e9a elementor-widget elementor-widget-text-editor\" data-id=\"50b50e9a\" data-element_type=\"widget\" data-widget_type=\"text-editor.default\">\n\t\t\t\t<div class=\"elementor-widget-container\">\n\t\t\t\t\t\t\t<p>All map contents are defined as vector graphics. This guarantees loss-free enlargement even to oversized formats. My customers naturally receive the comprehensive copyright and all data for their map.<\/p>\t\t\t\t\t\t<\/div>\n\t\t\t\t<\/div>\n\t\t\t\t<\/div>\n\t\t\t\t<\/div>\n\t\t\t\t<\/div>\n\t\t<div class=\"elementor-element elementor-element-55d3fa9 e-con-full e-flex e-con e-parent\" data-id=\"55d3fa9\" data-element_type=\"container\">\n\t\t<div class=\"elementor-element elementor-element-3292febb e-con-full e-flex e-con e-child\" data-id=\"3292febb\" data-element_type=\"container\">\n\t\t<div class=\"elementor-element elementor-element-5108ca1c e-con-full e-flex e-con e-child\" data-id=\"5108ca1c\" data-element_type=\"container\" data-settings=\"{&quot;background_background&quot;:&quot;classic&quot;}\">\n\t\t\t\t<\/div>\n\t\t<div class=\"elementor-element elementor-element-3aea820b e-con-full e-flex e-con e-child\" data-id=\"3aea820b\" data-element_type=\"container\">\n\t\t\t\t<div class=\"elementor-element elementor-element-1a5c55fc elementor-widget elementor-widget-heading\" data-id=\"1a5c55fc\" data-element_type=\"widget\" data-widget_type=\"heading.default\">\n\t\t\t\t<div class=\"elementor-widget-container\">\n\t\t\t<h2 class=\"elementor-heading-title elementor-size-default\">Classic maps<\/h2>\t\t<\/div>\n\t\t\t\t<\/div>\n\t\t\t\t<div class=\"elementor-element elementor-element-48be8555 elementor-widget elementor-widget-text-editor\" data-id=\"48be8555\" data-element_type=\"widget\" data-widget_type=\"text-editor.default\">\n\t\t\t\t<div class=\"elementor-widget-container\">\n\t\t\t\t\t\t\t<p>Topographical, tourist, physical, political, thematic maps - whichever focus you require: the creation of the map for your region is always tailored to your needs. The topographical or physical map provides the basis for detailed and concise information. All thematic content can be customised according to your wishes. Thematic layers are always interchangeable. In new editions, for example, a completely different thematic emphasis can be incorporated. In addition to the full high-resolution data set, the customer naturally also receives the exclusive copyright to the visualisation.<\/p>\t\t\t\t\t\t<\/div>\n\t\t\t\t<\/div>\n\t\t\t\t<\/div>\n\t\t\t\t<\/div>\n\t\t\t\t<\/div>\n\t\t<div class=\"elementor-element elementor-element-e224a56 e-con-full e-flex e-con e-parent\" data-id=\"e224a56\" data-element_type=\"container\">\n\t\t\t\t<div class=\"elementor-element elementor-element-1c875185 gallery-spacing-custom elementor-widget elementor-widget-image-gallery\" data-id=\"1c875185\" data-element_type=\"widget\" data-widget_type=\"image-gallery.default\">\n\t\t\t\t<div class=\"elementor-widget-container\">\n\t\t\t\t\t<div class=\"elementor-image-gallery\">\n\t\t\t<div id='gallery-1' class='gallery galleryid-520 gallery-columns-3 gallery-size-large'><figure class='gallery-item'>\n\t\t\t<div class='gallery-icon landscape'>\n\t\t\t\t<a data-elementor-open-lightbox=\"yes\" data-elementor-lightbox-slideshow=\"1c875185\" data-elementor-lightbox-title=\"Gastronomie Willingen\" data-e-action-hash=\"#elementor-action%3Aaction%3Dlightbox%26settings%3DeyJpZCI6MjM5LCJ1cmwiOiJodHRwczpcL1wvd3d3LnBhbm9yYW1ha2FydGUuZGVcL3dwLWNvbnRlbnRcL3VwbG9hZHNcLzIwMjRcLzA5XC9HYXN0cm9ub21pZS1XaWxsaW5nZW4tc2NhbGVkLmpwZyIsInNsaWRlc2hvdyI6IjFjODc1MTg1In0%3D\" href='https:\/\/www.panoramakarte.de\/wp-content\/uploads\/2024\/09\/Gastronomie-Willingen-scaled.jpg'><img fetchpriority=\"high\" decoding=\"async\" width=\"800\" height=\"688\" src=\"https:\/\/www.panoramakarte.de\/wp-content\/uploads\/2024\/09\/Gastronomie-Willingen-1024x881.jpg\" class=\"attachment-large size-large\" alt=\"\" srcset=\"https:\/\/www.panoramakarte.de\/wp-content\/uploads\/2024\/09\/Gastronomie-Willingen-1024x881.jpg 1024w, https:\/\/www.panoramakarte.de\/wp-content\/uploads\/2024\/09\/Gastronomie-Willingen-300x258.jpg 300w, https:\/\/www.panoramakarte.de\/wp-content\/uploads\/2024\/09\/Gastronomie-Willingen-768x660.jpg 768w, https:\/\/www.panoramakarte.de\/wp-content\/uploads\/2024\/09\/Gastronomie-Willingen-1536x1321.jpg 1536w, https:\/\/www.panoramakarte.de\/wp-content\/uploads\/2024\/09\/Gastronomie-Willingen-2048x1761.jpg 2048w\" sizes=\"(max-width: 800px) 100vw, 800px\" \/><\/a>\n\t\t\t<\/div><\/figure><figure class='gallery-item'>\n\t\t\t<div class='gallery-icon landscape'>\n\t\t\t\t<a data-elementor-open-lightbox=\"yes\" data-elementor-lightbox-slideshow=\"1c875185\" data-elementor-lightbox-title=\"Cham 02\" data-e-action-hash=\"#elementor-action%3Aaction%3Dlightbox%26settings%3DeyJpZCI6MjQxLCJ1cmwiOiJodHRwczpcL1wvd3d3LnBhbm9yYW1ha2FydGUuZGVcL3dwLWNvbnRlbnRcL3VwbG9hZHNcLzIwMjRcLzA5XC9DaGFtLTAyLmpwZyIsInNsaWRlc2hvdyI6IjFjODc1MTg1In0%3D\" href='https:\/\/www.panoramakarte.de\/wp-content\/uploads\/2024\/09\/Cham-02.jpg'><img decoding=\"async\" width=\"800\" height=\"512\" src=\"https:\/\/www.panoramakarte.de\/wp-content\/uploads\/2024\/09\/Cham-02-1024x655.jpg\" class=\"attachment-large size-large\" alt=\"\" srcset=\"https:\/\/www.panoramakarte.de\/wp-content\/uploads\/2024\/09\/Cham-02-1024x655.jpg 1024w, https:\/\/www.panoramakarte.de\/wp-content\/uploads\/2024\/09\/Cham-02-300x192.jpg 300w, https:\/\/www.panoramakarte.de\/wp-content\/uploads\/2024\/09\/Cham-02-768x491.jpg 768w, https:\/\/www.panoramakarte.de\/wp-content\/uploads\/2024\/09\/Cham-02-1536x983.jpg 1536w, https:\/\/www.panoramakarte.de\/wp-content\/uploads\/2024\/09\/Cham-02.jpg 1671w\" sizes=\"(max-width: 800px) 100vw, 800px\" \/><\/a>\n\t\t\t<\/div><\/figure><figure class='gallery-item'>\n\t\t\t<div class='gallery-icon landscape'>\n\t\t\t\t<a data-elementor-open-lightbox=\"yes\" data-elementor-lightbox-slideshow=\"1c875185\" data-elementor-lightbox-title=\"Cham 03\" data-e-action-hash=\"#elementor-action%3Aaction%3Dlightbox%26settings%3DeyJpZCI6MjQyLCJ1cmwiOiJodHRwczpcL1wvd3d3LnBhbm9yYW1ha2FydGUuZGVcL3dwLWNvbnRlbnRcL3VwbG9hZHNcLzIwMjRcLzA5XC9DaGFtLTAzLmpwZyIsInNsaWRlc2hvdyI6IjFjODc1MTg1In0%3D\" href='https:\/\/www.panoramakarte.de\/wp-content\/uploads\/2024\/09\/Cham-03.jpg'><img decoding=\"async\" width=\"800\" height=\"500\" src=\"https:\/\/www.panoramakarte.de\/wp-content\/uploads\/2024\/09\/Cham-03-1024x640.jpg\" class=\"attachment-large size-large\" alt=\"\" srcset=\"https:\/\/www.panoramakarte.de\/wp-content\/uploads\/2024\/09\/Cham-03-1024x640.jpg 1024w, https:\/\/www.panoramakarte.de\/wp-content\/uploads\/2024\/09\/Cham-03-300x188.jpg 300w, https:\/\/www.panoramakarte.de\/wp-content\/uploads\/2024\/09\/Cham-03-768x480.jpg 768w, https:\/\/www.panoramakarte.de\/wp-content\/uploads\/2024\/09\/Cham-03-1536x960.jpg 1536w, https:\/\/www.panoramakarte.de\/wp-content\/uploads\/2024\/09\/Cham-03.jpg 1569w\" sizes=\"(max-width: 800px) 100vw, 800px\" \/><\/a>\n\t\t\t<\/div><\/figure><figure class='gallery-item'>\n\t\t\t<div class='gallery-icon landscape'>\n\t\t\t\t<a data-elementor-open-lightbox=\"yes\" data-elementor-lightbox-slideshow=\"1c875185\" data-elementor-lightbox-title=\"Detail\" data-e-action-hash=\"#elementor-action%3Aaction%3Dlightbox%26settings%3DeyJpZCI6MjM3LCJ1cmwiOiJodHRwczpcL1wvd3d3LnBhbm9yYW1ha2FydGUuZGVcL3dwLWNvbnRlbnRcL3VwbG9hZHNcLzIwMjRcLzA5XC9EZXRhaWwtc2NhbGVkLmpwZyIsInNsaWRlc2hvdyI6IjFjODc1MTg1In0%3D\" href='https:\/\/www.panoramakarte.de\/wp-content\/uploads\/2024\/09\/Detail-scaled.jpg'><img loading=\"lazy\" decoding=\"async\" width=\"800\" height=\"450\" src=\"https:\/\/www.panoramakarte.de\/wp-content\/uploads\/2024\/09\/Detail-1024x576.jpg\" class=\"attachment-large size-large\" alt=\"\" srcset=\"https:\/\/www.panoramakarte.de\/wp-content\/uploads\/2024\/09\/Detail-1024x576.jpg 1024w, https:\/\/www.panoramakarte.de\/wp-content\/uploads\/2024\/09\/Detail-300x169.jpg 300w, https:\/\/www.panoramakarte.de\/wp-content\/uploads\/2024\/09\/Detail-768x432.jpg 768w, https:\/\/www.panoramakarte.de\/wp-content\/uploads\/2024\/09\/Detail-1536x864.jpg 1536w, https:\/\/www.panoramakarte.de\/wp-content\/uploads\/2024\/09\/Detail-2048x1152.jpg 2048w\" sizes=\"(max-width: 800px) 100vw, 800px\" \/><\/a>\n\t\t\t<\/div><\/figure><figure class='gallery-item'>\n\t\t\t<div class='gallery-icon landscape'>\n\t\t\t\t<a data-elementor-open-lightbox=\"yes\" data-elementor-lightbox-slideshow=\"1c875185\" data-elementor-lightbox-title=\"Detail1\" data-e-action-hash=\"#elementor-action%3Aaction%3Dlightbox%26settings%3DeyJpZCI6MjM4LCJ1cmwiOiJodHRwczpcL1wvd3d3LnBhbm9yYW1ha2FydGUuZGVcL3dwLWNvbnRlbnRcL3VwbG9hZHNcLzIwMjRcLzA5XC9EZXRhaWwxLXNjYWxlZC5qcGciLCJzbGlkZXNob3ciOiIxYzg3NTE4NSJ9\" href='https:\/\/www.panoramakarte.de\/wp-content\/uploads\/2024\/09\/Detail1-scaled.jpg'><img loading=\"lazy\" decoding=\"async\" width=\"800\" height=\"455\" src=\"https:\/\/www.panoramakarte.de\/wp-content\/uploads\/2024\/09\/Detail1-1024x582.jpg\" class=\"attachment-large size-large\" alt=\"\" srcset=\"https:\/\/www.panoramakarte.de\/wp-content\/uploads\/2024\/09\/Detail1-1024x582.jpg 1024w, https:\/\/www.panoramakarte.de\/wp-content\/uploads\/2024\/09\/Detail1-300x171.jpg 300w, https:\/\/www.panoramakarte.de\/wp-content\/uploads\/2024\/09\/Detail1-768x437.jpg 768w, https:\/\/www.panoramakarte.de\/wp-content\/uploads\/2024\/09\/Detail1-1536x873.jpg 1536w, https:\/\/www.panoramakarte.de\/wp-content\/uploads\/2024\/09\/Detail1-2048x1164.jpg 2048w\" sizes=\"(max-width: 800px) 100vw, 800px\" \/><\/a>\n\t\t\t<\/div><\/figure><figure class='gallery-item'>\n\t\t\t<div class='gallery-icon landscape'>\n\t\t\t\t<a data-elementor-open-lightbox=\"yes\" data-elementor-lightbox-slideshow=\"1c875185\" data-elementor-lightbox-title=\"Burgebrach2\" data-e-action-hash=\"#elementor-action%3Aaction%3Dlightbox%26settings%3DeyJpZCI6MjI5LCJ1cmwiOiJodHRwczpcL1wvd3d3LnBhbm9yYW1ha2FydGUuZGVcL3dwLWNvbnRlbnRcL3VwbG9hZHNcLzIwMjRcLzA5XC9CdXJnZWJyYWNoMi1zY2FsZWQuanBnIiwic2xpZGVzaG93IjoiMWM4NzUxODUifQ%3D%3D\" href='https:\/\/www.panoramakarte.de\/wp-content\/uploads\/2024\/09\/Burgebrach2-scaled.jpg'><img loading=\"lazy\" decoding=\"async\" width=\"800\" height=\"434\" src=\"https:\/\/www.panoramakarte.de\/wp-content\/uploads\/2024\/09\/Burgebrach2-1024x555.jpg\" class=\"attachment-large size-large\" alt=\"\" srcset=\"https:\/\/www.panoramakarte.de\/wp-content\/uploads\/2024\/09\/Burgebrach2-1024x555.jpg 1024w, https:\/\/www.panoramakarte.de\/wp-content\/uploads\/2024\/09\/Burgebrach2-300x163.jpg 300w, https:\/\/www.panoramakarte.de\/wp-content\/uploads\/2024\/09\/Burgebrach2-768x416.jpg 768w, https:\/\/www.panoramakarte.de\/wp-content\/uploads\/2024\/09\/Burgebrach2-1536x833.jpg 1536w, https:\/\/www.panoramakarte.de\/wp-content\/uploads\/2024\/09\/Burgebrach2-2048x1110.jpg 2048w\" sizes=\"(max-width: 800px) 100vw, 800px\" \/><\/a>\n\t\t\t<\/div><\/figure><figure class='gallery-item'>\n\t\t\t<div class='gallery-icon landscape'>\n\t\t\t\t<a data-elementor-open-lightbox=\"yes\" data-elementor-lightbox-slideshow=\"1c875185\" data-elementor-lightbox-title=\"Burgebrach1\" data-e-action-hash=\"#elementor-action%3Aaction%3Dlightbox%26settings%3DeyJpZCI6MjI4LCJ1cmwiOiJodHRwczpcL1wvd3d3LnBhbm9yYW1ha2FydGUuZGVcL3dwLWNvbnRlbnRcL3VwbG9hZHNcLzIwMjRcLzA5XC9CdXJnZWJyYWNoMS1zY2FsZWQuanBnIiwic2xpZGVzaG93IjoiMWM4NzUxODUifQ%3D%3D\" href='https:\/\/www.panoramakarte.de\/wp-content\/uploads\/2024\/09\/Burgebrach1-scaled.jpg'><img loading=\"lazy\" decoding=\"async\" width=\"800\" height=\"487\" src=\"https:\/\/www.panoramakarte.de\/wp-content\/uploads\/2024\/09\/Burgebrach1-1024x623.jpg\" class=\"attachment-large size-large\" alt=\"\" srcset=\"https:\/\/www.panoramakarte.de\/wp-content\/uploads\/2024\/09\/Burgebrach1-1024x623.jpg 1024w, https:\/\/www.panoramakarte.de\/wp-content\/uploads\/2024\/09\/Burgebrach1-300x183.jpg 300w, https:\/\/www.panoramakarte.de\/wp-content\/uploads\/2024\/09\/Burgebrach1-768x468.jpg 768w, https:\/\/www.panoramakarte.de\/wp-content\/uploads\/2024\/09\/Burgebrach1-1536x935.jpg 1536w, https:\/\/www.panoramakarte.de\/wp-content\/uploads\/2024\/09\/Burgebrach1-2048x1247.jpg 2048w\" sizes=\"(max-width: 800px) 100vw, 800px\" \/><\/a>\n\t\t\t<\/div><\/figure><figure class='gallery-item'>\n\t\t\t<div class='gallery-icon landscape'>\n\t\t\t\t<a data-elementor-open-lightbox=\"yes\" data-elementor-lightbox-slideshow=\"1c875185\" data-elementor-lightbox-title=\"Burgebrach 3\" data-e-action-hash=\"#elementor-action%3Aaction%3Dlightbox%26settings%3DeyJpZCI6MjI3LCJ1cmwiOiJodHRwczpcL1wvd3d3LnBhbm9yYW1ha2FydGUuZGVcL3dwLWNvbnRlbnRcL3VwbG9hZHNcLzIwMjRcLzA5XC9CdXJnZWJyYWNoLTMtc2NhbGVkLmpwZyIsInNsaWRlc2hvdyI6IjFjODc1MTg1In0%3D\" href='https:\/\/www.panoramakarte.de\/wp-content\/uploads\/2024\/09\/Burgebrach-3-scaled.jpg'><img loading=\"lazy\" decoding=\"async\" width=\"800\" height=\"414\" src=\"https:\/\/www.panoramakarte.de\/wp-content\/uploads\/2024\/09\/Burgebrach-3-1024x530.jpg\" class=\"attachment-large size-large\" alt=\"\" srcset=\"https:\/\/www.panoramakarte.de\/wp-content\/uploads\/2024\/09\/Burgebrach-3-1024x530.jpg 1024w, https:\/\/www.panoramakarte.de\/wp-content\/uploads\/2024\/09\/Burgebrach-3-300x155.jpg 300w, https:\/\/www.panoramakarte.de\/wp-content\/uploads\/2024\/09\/Burgebrach-3-768x397.jpg 768w, https:\/\/www.panoramakarte.de\/wp-content\/uploads\/2024\/09\/Burgebrach-3-1536x794.jpg 1536w, https:\/\/www.panoramakarte.de\/wp-content\/uploads\/2024\/09\/Burgebrach-3-2048x1059.jpg 2048w\" sizes=\"(max-width: 800px) 100vw, 800px\" \/><\/a>\n\t\t\t<\/div><\/figure>\n\t\t<\/div>\n\t\t<\/div>\n\t\t\t\t<\/div>\n\t\t\t\t<\/div>\n\t\t\t\t<\/div>\n\t\t\t\t<\/div>","protected":false},"excerpt":{"rendered":"<p>Stadtkarten Ihr Thema als Karte Im \u00fcbersichtlich gestalteten Ortsplan liegt die Basis jeder Orientierung . Ein Ortsplan wird nach Ihren W\u00fcnschen gestaltet und ma\u00dfgeschneidert. Jeder Plan ist individuell gestaltbar &#8211; in Ausf\u00fchrung, Inhalt und Farbgebung. Das Einarbeiten prominenter Geb\u00e4ude ist jederzeit m\u00f6glich und bietet Spielraum f\u00fcr unterschiedlichste thematische Inhalte: Touristen- oder Gastronomief\u00fchrer, Kultur-, Sport- Freizeitangebote, [&hellip;]<\/p>","protected":false},"author":1,"featured_media":0,"parent":0,"menu_order":0,"comment_status":"closed","ping_status":"closed","template":"elementor_header_footer","meta":{"footnotes":""},"class_list":["post-520","page","type-page","status-publish","hentry"],"_links":{"self":[{"href":"https:\/\/www.panoramakarte.de\/en\/wp-json\/wp\/v2\/pages\/520","targetHints":{"allow":["GET"]}}],"collection":[{"href":"https:\/\/www.panoramakarte.de\/en\/wp-json\/wp\/v2\/pages"}],"about":[{"href":"https:\/\/www.panoramakarte.de\/en\/wp-json\/wp\/v2\/types\/page"}],"author":[{"embeddable":true,"href":"https:\/\/www.panoramakarte.de\/en\/wp-json\/wp\/v2\/users\/1"}],"replies":[{"embeddable":true,"href":"https:\/\/www.panoramakarte.de\/en\/wp-json\/wp\/v2\/comments?post=520"}],"version-history":[{"count":67,"href":"https:\/\/www.panoramakarte.de\/en\/wp-json\/wp\/v2\/pages\/520\/revisions"}],"predecessor-version":[{"id":986,"href":"https:\/\/www.panoramakarte.de\/en\/wp-json\/wp\/v2\/pages\/520\/revisions\/986"}],"wp:attachment":[{"href":"https:\/\/www.panoramakarte.de\/en\/wp-json\/wp\/v2\/media?parent=520"}],"curies":[{"name":"wp","href":"https:\/\/api.w.org\/{rel}","templated":true}]}}